{"id":8,"date":"2018-06-07T11:21:35","date_gmt":"2018-06-07T09:21:35","guid":{"rendered":"http:\/\/wecareallassociation.com\/?page_id=8"},"modified":"2018-06-07T16:50:55","modified_gmt":"2018-06-07T14:50:55","slug":"a-propos-de","status":"publish","type":"page","link":"https:\/\/wecareallassociation.com\/?page_id=8","title":{"rendered":"About us"},"content":{"rendered":"<p>Pour vous prot\u00e9ger au mieux tout au long de votre vie, que vous soyez salari\u00e9 ou non, nous trouvons des solutions d&#8217;assurance et de retraite aupr\u00e8s des meilleurs intervenants du march\u00e9. WCA a le souci permanent de proposer \u00e0 ses membres les garanties les mieux adapt\u00e9es \u00e0 votre situation et au meilleur co\u00fbt. L&#8217;association WCA a renouvel\u00e9 sa confiance aupr\u00e8s de la marque <a href=\"http:\/\/www.wycc-insurance.com\" target=\"_blank\" rel=\"noopener\">WYCC<\/a> \u00e0 Luxembourg, car elle est r\u00e9put\u00e9e pour son savoir-faire dans le domaine de l&#8217;expatriation, le maritime et l&#8217;aviation.<\/p>\n<p><em>To protect you as well as possible all along your life, whether you are an employee or not, we find insurance and retirement solutions with the best players on the market. WCA has the permanent concern to propose to its members the best adapted guarantees for your situation and at the best cost. The WCA association has renewed its confidence with the <a href=\"http:\/\/www.wycc-insurance.com\" target=\"_blank\" rel=\"noopener\">WYCC<\/a> brand in Luxembourg, because it is renowned for its know-how in expatriation, maritime and aviation.<\/em><\/p>\n","protected":false},"excerpt":{"rendered":"<p>Pour vous prot\u00e9ger au mieux tout au long de votre vie, que vous soyez salari\u00e9 ou non, nous trouvons des solutions d&#8217;assurance et de retraite aupr\u00e8s des meilleurs intervenants du march\u00e9. WCA a le souci permanent de proposer \u00e0 ses membres les garanties les mieux adapt\u00e9es \u00e0 votre situation et au meilleur co\u00fbt. L&#8217;association WCA &hellip; <\/p>\n<p class=\"link-more\"><a href=\"https:\/\/wecareallassociation.com\/?page_id=8\" class=\"more-link\">Continue reading<span class=\"screen-reader-text\"> &#8220;About us&#8221;<\/span><\/a><\/p>\n","protected":false},"author":1,"featured_media":38,"parent":0,"menu_order":0,"comment_status":"closed","ping_status":"closed","template":"","meta":[],"_links":{"self":[{"href":"https:\/\/wecareallassociation.com\/index.php?rest_route=\/wp\/v2\/pages\/8"}],"collection":[{"href":"https:\/\/wecareallassociation.com\/index.php?rest_route=\/wp\/v2\/pages"}],"about":[{"href":"https:\/\/wecareallassociation.com\/index.php?rest_route=\/wp\/v2\/types\/page"}],"author":[{"embeddable":true,"href":"https:\/\/wecareallassociation.com\/index.php?rest_route=\/wp\/v2\/users\/1"}],"replies":[{"embeddable":true,"href":"https:\/\/wecareallassociation.com\/index.php?rest_route=%2Fwp%2Fv2%2Fcomments&post=8"}],"version-history":[{"count":4,"href":"https:\/\/wecareallassociation.com\/index.php?rest_route=\/wp\/v2\/pages\/8\/revisions"}],"predecessor-version":[{"id":63,"href":"https:\/\/wecareallassociation.com\/index.php?rest_route=\/wp\/v2\/pages\/8\/revisions\/63"}],"wp:featuredmedia":[{"embeddable":true,"href":"https:\/\/wecareallassociation.com\/index.php?rest_route=\/wp\/v2\/media\/38"}],"wp:attachment":[{"href":"https:\/\/wecareallassociation.com\/index.php?rest_route=%2Fwp%2Fv2%2Fmedia&parent=8"}],"curies":[{"name":"wp","href":"https:\/\/api.w.org\/{rel}","templated":true}]}}