{"id":7,"date":"2018-06-07T11:21:35","date_gmt":"2018-06-07T09:21:35","guid":{"rendered":"http:\/\/wecareallassociation.com\/?page_id=7"},"modified":"2018-06-07T14:08:20","modified_gmt":"2018-06-07T12:08:20","slug":"accueil","status":"publish","type":"page","link":"https:\/\/wecareallassociation.com\/","title":{"rendered":"Objectif &#8211; Purpose"},"content":{"rendered":"<p>Notre objectif principal est de d\u00e9fendre les int\u00e9r\u00eats sociaux de nos membres, expatri\u00e9s, travailleurs ind\u00e9pendants, employ\u00e9s et leurs familles dans le monde entier. Et ce, quelle que soit leur situation professionnelle ou priv\u00e9e, \u00e0 terre, dans les airs ou en mer.<\/p>\n<p><em>Our main objective is to protect the social interests of our members, expatriates, self-employed, employees and their families, worldwide. Whatever their professional or private situation, a-shore, in the air or at sea.<\/em><\/p>\n","protected":false},"excerpt":{"rendered":"<p>Notre objectif principal est de d\u00e9fendre les int\u00e9r\u00eats sociaux de nos membres, expatri\u00e9s, travailleurs ind\u00e9pendants, employ\u00e9s et leurs familles dans le monde entier. Et ce, quelle que soit leur situation professionnelle ou priv\u00e9e, \u00e0 terre, dans les airs ou en mer. Our main objective is to protect the social interests of our members, expatriates, self-employed, &hellip; <\/p>\n<p class=\"link-more\"><a href=\"https:\/\/wecareallassociation.com\/\" class=\"more-link\">Continue reading<span class=\"screen-reader-text\"> &#8220;Objectif &#8211; Purpose&#8221;<\/span><\/a><\/p>\n","protected":false},"author":1,"featured_media":0,"parent":0,"menu_order":0,"comment_status":"closed","ping_status":"closed","template":"","meta":[],"_links":{"self":[{"href":"https:\/\/wecareallassociation.com\/index.php?rest_route=\/wp\/v2\/pages\/7"}],"collection":[{"href":"https:\/\/wecareallassociation.com\/index.php?rest_route=\/wp\/v2\/pages"}],"about":[{"href":"https:\/\/wecareallassociation.com\/index.php?rest_route=\/wp\/v2\/types\/page"}],"author":[{"embeddable":true,"href":"https:\/\/wecareallassociation.com\/index.php?rest_route=\/wp\/v2\/users\/1"}],"replies":[{"embeddable":true,"href":"https:\/\/wecareallassociation.com\/index.php?rest_route=%2Fwp%2Fv2%2Fcomments&post=7"}],"version-history":[{"count":3,"href":"https:\/\/wecareallassociation.com\/index.php?rest_route=\/wp\/v2\/pages\/7\/revisions"}],"predecessor-version":[{"id":42,"href":"https:\/\/wecareallassociation.com\/index.php?rest_route=\/wp\/v2\/pages\/7\/revisions\/42"}],"wp:attachment":[{"href":"https:\/\/wecareallassociation.com\/index.php?rest_route=%2Fwp%2Fv2%2Fmedia&parent=7"}],"curies":[{"name":"wp","href":"https:\/\/api.w.org\/{rel}","templated":true}]}}